{"id":2474,"date":"2017-02-13T20:11:28","date_gmt":"2017-02-13T20:11:28","guid":{"rendered":"https:\/\/tourfreestyleromand.ch\/devenir-organisateur\/"},"modified":"2017-11-30T12:44:53","modified_gmt":"2017-11-30T12:44:53","slug":"organisator-werden","status":"publish","type":"page","link":"https:\/\/tourfreestyleromand.ch\/de\/organisator-werden\/","title":{"rendered":"Organisator werden"},"content":{"rendered":"<div class='content-column three_fourth'><div style=\"padding-left:0px;\">M\u00f6chtet Ihr&nbsp;mit Eurem&nbsp;Event Teil der TFR sein? Gerne unterst\u00fctzt Euch die TFR bei der Durchf\u00fchrung von Eurem Anlass:<\/p>\n<ul>\n<li><strong>n\u00fctzliche Unterlagen: <\/strong>Pflichtenheft mit sinnvollen Tipps, Startliste, Ranking, usw.&nbsp;<\/li>\n<li><strong>Erfahrungsaustausch <\/strong>mit anderen Event-Organisatoren<\/li>\n<li><strong>Werbung f\u00fcr Euren Event<\/strong>: auf den sozialen Medien, Website, Poster, usw.<strong>&nbsp;<\/strong><\/li>\n<li>Zurverf\u00fcgungstellung von professionnellen&nbsp;<strong>Freestyle-Startnummern<\/strong><\/li>\n<li>&#8230;<\/li>\n<\/ul>\n<p>Und das alles kostenlos, mit einem einzigen Ziel: die Freestyle-Szene insbesondere in der Westschweiz zu unter\u00fctzen und das Freestyle im allgemeinen zu f\u00f6rdern.&nbsp;<\/p>\n<p>Interessiert? <a href=\"https:\/\/tourfreestyleromand.ch\/de\/kontakt\/\">Schreibt uns an<\/a>!&nbsp;<\/p><\/div><\/div>\n<div class='content-column one_fourth last_column'><div style=\"padding-left:20px;\"><img loading=\"lazy\" decoding=\"async\" class=\"alignnone size-full wp-image-1855\" src=\"https:\/\/tourfreestyleromand.ch\/wp-content\/uploads\/2016\/10\/TFR17_Logo_NB_S.jpg\" alt=\"\" width=\"500\" height=\"453\" srcset=\"https:\/\/tourfreestyleromand.ch\/wp-content\/uploads\/2016\/10\/TFR17_Logo_NB_S.jpg 500w, https:\/\/tourfreestyleromand.ch\/wp-content\/uploads\/2016\/10\/TFR17_Logo_NB_S-300x272.jpg 300w\" sizes=\"auto, (max-width: 500px) 100vw, 500px\" \/><\/div><\/div><div class='clear_column'><\/div>\n<hr>\n<div class='content-column one_fourth'><div style=\"padding-left:0px;\"><div id=\"attachment_2461\" style=\"width: 160px\" class=\"wp-caption alignnone\"><img loading=\"lazy\" decoding=\"async\" aria-describedby=\"caption-attachment-2461\" class=\"wp-image-2461 size-thumbnail\" src=\"https:\/\/tourfreestyleromand.ch\/wp-content\/uploads\/2017\/02\/startlist-150x150.png\" width=\"150\" height=\"150\"><p id=\"caption-attachment-2461\" class=\"wp-caption-text\">Unterlagen<\/p><\/div><\/div><\/div>\n<div class='content-column one_fourth'><div style=\"padding-left:0px;\"><div id=\"attachment_2462\" style=\"width: 160px\" class=\"wp-caption alignnone\"><img loading=\"lazy\" decoding=\"async\" aria-describedby=\"caption-attachment-2462\" class=\"wp-image-2462 size-thumbnail\" src=\"https:\/\/tourfreestyleromand.ch\/wp-content\/uploads\/2017\/02\/TFR17_Affiche_21122016_6-01-150x150.png\" width=\"150\" height=\"150\"><p id=\"caption-attachment-2462\" class=\"wp-caption-text\">Visuals f\u00fcr die Kommunikation<\/p><\/div>\n<p>&nbsp;<\/p><\/div><\/div>\n<div class='content-column one_fourth'><div style=\"padding-left:0px;\"><div id=\"attachment_2463\" style=\"width: 160px\" class=\"wp-caption alignnone\"><img loading=\"lazy\" decoding=\"async\" aria-describedby=\"caption-attachment-2463\" class=\"wp-image-2463 size-thumbnail\" src=\"https:\/\/tourfreestyleromand.ch\/wp-content\/uploads\/2017\/02\/BIS-150x150.png\" width=\"150\" height=\"150\"><p id=\"caption-attachment-2463\" class=\"wp-caption-text\">N\u00fctzliche Vorlagen<\/p><\/div>\n<p>&nbsp;<\/p><\/div><\/div>\n<div class='content-column one_fourth last_column'><div style=\"padding-left:20px;\"><div id=\"attachment_2459\" style=\"width: 160px\" class=\"wp-caption alignnone\"><img loading=\"lazy\" decoding=\"async\" aria-describedby=\"caption-attachment-2459\" class=\"wp-image-2459 size-thumbnail\" src=\"https:\/\/tourfreestyleromand.ch\/wp-content\/uploads\/2017\/02\/dossards-150x150.png\" width=\"150\" height=\"150\" srcset=\"https:\/\/tourfreestyleromand.ch\/wp-content\/uploads\/2017\/02\/dossards-150x150.png 150w, https:\/\/tourfreestyleromand.ch\/wp-content\/uploads\/2017\/02\/dossards.png 432w\" sizes=\"auto, (max-width: 150px) 100vw, 150px\" \/><p id=\"caption-attachment-2459\" class=\"wp-caption-text\">\u00dcber 100 Startnummern<\/p><\/div>\n<p>&nbsp;<\/p><\/div><\/div><div class='clear_column'><\/div>\n","protected":false},"excerpt":{"rendered":"","protected":false},"author":33,"featured_media":0,"parent":0,"menu_order":0,"comment_status":"closed","ping_status":"closed","template":"","meta":{"_exactmetrics_skip_tracking":false,"_exactmetrics_sitenote_active":false,"_exactmetrics_sitenote_note":"","_exactmetrics_sitenote_category":0,"footnotes":""},"class_list":["post-2474","page","type-page","status-publish","hentry","no-post-thumbnail"],"_links":{"self":[{"href":"https:\/\/tourfreestyleromand.ch\/de\/wp-json\/wp\/v2\/pages\/2474","targetHints":{"allow":["GET"]}}],"collection":[{"href":"https:\/\/tourfreestyleromand.ch\/de\/wp-json\/wp\/v2\/pages"}],"about":[{"href":"https:\/\/tourfreestyleromand.ch\/de\/wp-json\/wp\/v2\/types\/page"}],"author":[{"embeddable":true,"href":"https:\/\/tourfreestyleromand.ch\/de\/wp-json\/wp\/v2\/users\/33"}],"replies":[{"embeddable":true,"href":"https:\/\/tourfreestyleromand.ch\/de\/wp-json\/wp\/v2\/comments?post=2474"}],"version-history":[{"count":8,"href":"https:\/\/tourfreestyleromand.ch\/de\/wp-json\/wp\/v2\/pages\/2474\/revisions"}],"predecessor-version":[{"id":3364,"href":"https:\/\/tourfreestyleromand.ch\/de\/wp-json\/wp\/v2\/pages\/2474\/revisions\/3364"}],"wp:attachment":[{"href":"https:\/\/tourfreestyleromand.ch\/de\/wp-json\/wp\/v2\/media?parent=2474"}],"curies":[{"name":"wp","href":"https:\/\/api.w.org\/{rel}","templated":true}]}}