{"id":2158,"date":"2016-11-16T20:36:34","date_gmt":"2016-11-16T20:36:34","guid":{"rendered":"https:\/\/tourfreestyleromand.ch\/de\/championnat-romand\/"},"modified":"2024-11-25T07:55:37","modified_gmt":"2024-11-25T07:55:37","slug":"cfr","status":"publish","type":"page","link":"https:\/\/tourfreestyleromand.ch\/de\/cfr\/","title":{"rendered":"Championnat Freestyle Romand"},"content":{"rendered":"<p>Das TFR bietet zwei Westschweizer Meisterschaften in zwei Disziplinen an (Slopestyle un Big Air).<\/p>\n<ul>\n<li>15. M\u00e4rz 2025 : Slopestyle in Grimentz (in Zusammenarbet mit der GiantXtour)<\/li>\n<li>23. M\u00e4rz 2025 : Big Air in Leysin (organisiert durch das Komitee des TFR)<\/li>\n<\/ul>\n<p>Diese Wettk\u00e4mpfe sind f\u00fcr alle Niveaus geeignet und es werden die \u00fcblichen Kategorien angeboten (Elite, U15, U13, un U11).<\/p>\n<hr \/>\n<p><strong>Unterst\u00fczt von<\/strong><\/p>\n<p><a href=\"https:\/\/www.raiffeisen.ch\/rch\/fr.html\" target=\"_blank\" rel=\"noopener noreferrer\"><img loading=\"lazy\" decoding=\"async\" class=\"alignnone size-wcsmall wp-image-3990\" src=\"https:\/\/tourfreestyleromand.ch\/wp-content\/uploads\/2018\/02\/raiffeisen.png\" alt=\"\" width=\"142\" height=\"59\" srcset=\"https:\/\/tourfreestyleromand.ch\/wp-content\/uploads\/2018\/02\/raiffeisen.png 142w, https:\/\/tourfreestyleromand.ch\/wp-content\/uploads\/2018\/02\/raiffeisen-100x42.png 100w\" sizes=\"auto, (max-width: 142px) 100vw, 142px\" \/><\/a> \u00a0<a href=\"https:\/\/nitrousa.com\/\" target=\"_blank\" rel=\"noopener noreferrer\"><img loading=\"lazy\" decoding=\"async\" class=\"alignnone wp-image-7731\" src=\"https:\/\/tourfreestyleromand.ch\/wp-content\/uploads\/2020\/02\/CFR20_Logos_sponsors_17022020-03.png\" alt=\"\" width=\"143\" height=\"48\" srcset=\"https:\/\/tourfreestyleromand.ch\/wp-content\/uploads\/2020\/02\/CFR20_Logos_sponsors_17022020-03.png 625w, https:\/\/tourfreestyleromand.ch\/wp-content\/uploads\/2020\/02\/CFR20_Logos_sponsors_17022020-03-300x100.png 300w, https:\/\/tourfreestyleromand.ch\/wp-content\/uploads\/2020\/02\/CFR20_Logos_sponsors_17022020-03-100x33.png 100w, https:\/\/tourfreestyleromand.ch\/wp-content\/uploads\/2020\/02\/CFR20_Logos_sponsors_17022020-03-250x83.png 250w, https:\/\/tourfreestyleromand.ch\/wp-content\/uploads\/2020\/02\/CFR20_Logos_sponsors_17022020-03-550x183.png 550w, https:\/\/tourfreestyleromand.ch\/wp-content\/uploads\/2020\/02\/CFR20_Logos_sponsors_17022020-03-541x180.png 541w\" sizes=\"auto, (max-width: 143px) 100vw, 143px\" \/><\/a><img loading=\"lazy\" decoding=\"async\" class=\"alignnone wp-image-9514\" src=\"https:\/\/tourfreestyleromand.ch\/wp-content\/uploads\/2021\/11\/MOVEMENT-01.png\" alt=\"\" width=\"149\" height=\"50\" srcset=\"https:\/\/tourfreestyleromand.ch\/wp-content\/uploads\/2021\/11\/MOVEMENT-01.png 250w, https:\/\/tourfreestyleromand.ch\/wp-content\/uploads\/2021\/11\/MOVEMENT-01-100x34.png 100w\" sizes=\"auto, (max-width: 149px) 100vw, 149px\" \/>\u00a0 \u00a0<a href=\"https:\/\/www.g-shock.eu\/\" target=\"_blank\" rel=\"noopener noreferrer\"><img loading=\"lazy\" decoding=\"async\" class=\"alignnone wp-image-7733\" src=\"https:\/\/tourfreestyleromand.ch\/wp-content\/uploads\/2020\/02\/CFR20_Logos_sponsors_17022020-04.png\" alt=\"\" width=\"143\" height=\"48\" srcset=\"https:\/\/tourfreestyleromand.ch\/wp-content\/uploads\/2020\/02\/CFR20_Logos_sponsors_17022020-04.png 625w, https:\/\/tourfreestyleromand.ch\/wp-content\/uploads\/2020\/02\/CFR20_Logos_sponsors_17022020-04-300x100.png 300w, https:\/\/tourfreestyleromand.ch\/wp-content\/uploads\/2020\/02\/CFR20_Logos_sponsors_17022020-04-100x33.png 100w, https:\/\/tourfreestyleromand.ch\/wp-content\/uploads\/2020\/02\/CFR20_Logos_sponsors_17022020-04-250x83.png 250w, https:\/\/tourfreestyleromand.ch\/wp-content\/uploads\/2020\/02\/CFR20_Logos_sponsors_17022020-04-550x183.png 550w, https:\/\/tourfreestyleromand.ch\/wp-content\/uploads\/2020\/02\/CFR20_Logos_sponsors_17022020-04-541x180.png 541w\" sizes=\"auto, (max-width: 143px) 100vw, 143px\" \/><\/a>\u00a0 <a href=\"https:\/\/www.giro.ch\/fr\/\" target=\"_blank\" rel=\"noopener\"><img loading=\"lazy\" decoding=\"async\" class=\"alignnone wp-image-13516 \" src=\"https:\/\/tourfreestyleromand.ch\/wp-content\/uploads\/2023\/11\/logo-giro.png\" alt=\"\" width=\"140\" height=\"47\" srcset=\"https:\/\/tourfreestyleromand.ch\/wp-content\/uploads\/2023\/11\/logo-giro.png 250w, https:\/\/tourfreestyleromand.ch\/wp-content\/uploads\/2023\/11\/logo-giro-100x34.png 100w\" sizes=\"auto, (max-width: 140px) 100vw, 140px\" \/><\/a><a href=\"https:\/\/alaia.ch\/\" target=\"_blank\" rel=\"noopener\"><img loading=\"lazy\" decoding=\"async\" class=\"alignnone wp-image-8481\" src=\"https:\/\/tourfreestyleromand.ch\/wp-content\/uploads\/2021\/01\/Alaia_250x84-01.png\" alt=\"\" width=\"149\" height=\"50\" srcset=\"https:\/\/tourfreestyleromand.ch\/wp-content\/uploads\/2021\/01\/Alaia_250x84-01.png 250w, https:\/\/tourfreestyleromand.ch\/wp-content\/uploads\/2021\/01\/Alaia_250x84-01-100x34.png 100w\" sizes=\"auto, (max-width: 149px) 100vw, 149px\" \/><\/a><\/p>\n<p><a href=\"http:\/\/www.ski-romand.ch\/\" target=\"_blank\" rel=\"noopener noreferrer\"><img loading=\"lazy\" decoding=\"async\" class=\"alignnone size-wcsmall wp-image-3992\" src=\"https:\/\/tourfreestyleromand.ch\/wp-content\/uploads\/2018\/02\/ski-romand.png\" alt=\"\" width=\"142\" height=\"59\" \/><\/a> \u00a0 <a href=\"http:\/\/www.style-valais.com\/francais-1\/\" target=\"_blank\" rel=\"noopener\"><img loading=\"lazy\" decoding=\"async\" class=\"alignnone wp-image-8378\" src=\"https:\/\/tourfreestyleromand.ch\/wp-content\/uploads\/2020\/11\/SV_250x84-01-150x84.png\" alt=\"\" width=\"107\" height=\"60\" \/><\/a> <a href=\"https:\/\/fem-service.ch\/\" target=\"_blank\" rel=\"noopener noreferrer\"><img loading=\"lazy\" decoding=\"async\" class=\"alignnone wp-image-3985 size-full\" src=\"https:\/\/tourfreestyleromand.ch\/wp-content\/uploads\/2018\/02\/fem.png\" alt=\"\" width=\"143\" height=\"59\" srcset=\"https:\/\/tourfreestyleromand.ch\/wp-content\/uploads\/2018\/02\/fem.png 143w, https:\/\/tourfreestyleromand.ch\/wp-content\/uploads\/2018\/02\/fem-100x41.png 100w\" sizes=\"auto, (max-width: 143px) 100vw, 143px\" \/><\/a><a href=\"http:\/\/www.tele-leysin-mosses.ch\/\" target=\"_blank\" rel=\"noopener noreferrer\"><img loading=\"lazy\" decoding=\"async\" class=\"alignnone size-wcsmall wp-image-3986\" src=\"https:\/\/tourfreestyleromand.ch\/wp-content\/uploads\/2018\/02\/leysin.png\" alt=\"\" width=\"142\" height=\"59\" srcset=\"https:\/\/tourfreestyleromand.ch\/wp-content\/uploads\/2018\/02\/leysin.png 142w, https:\/\/tourfreestyleromand.ch\/wp-content\/uploads\/2018\/02\/leysin-100x42.png 100w\" sizes=\"auto, (max-width: 142px) 100vw, 142px\" \/><\/a> <a href=\"https:\/\/www.leysinpark.ch\/\" target=\"_blank\" rel=\"noopener noreferrer\"><img loading=\"lazy\" decoding=\"async\" class=\"alignnone wp-image-7749\" src=\"https:\/\/tourfreestyleromand.ch\/wp-content\/uploads\/2020\/02\/CFR20_Logos_sponsors_17022020-17.png\" alt=\"\" width=\"170\" height=\"57\" srcset=\"https:\/\/tourfreestyleromand.ch\/wp-content\/uploads\/2020\/02\/CFR20_Logos_sponsors_17022020-17.png 625w, https:\/\/tourfreestyleromand.ch\/wp-content\/uploads\/2020\/02\/CFR20_Logos_sponsors_17022020-17-300x100.png 300w, https:\/\/tourfreestyleromand.ch\/wp-content\/uploads\/2020\/02\/CFR20_Logos_sponsors_17022020-17-100x33.png 100w, https:\/\/tourfreestyleromand.ch\/wp-content\/uploads\/2020\/02\/CFR20_Logos_sponsors_17022020-17-250x83.png 250w, https:\/\/tourfreestyleromand.ch\/wp-content\/uploads\/2020\/02\/CFR20_Logos_sponsors_17022020-17-550x183.png 550w, https:\/\/tourfreestyleromand.ch\/wp-content\/uploads\/2020\/02\/CFR20_Logos_sponsors_17022020-17-541x180.png 541w\" sizes=\"auto, (max-width: 170px) 100vw, 170px\" \/><\/a> \u00a0 <a href=\"https:\/\/ffsv.ch\/\" target=\"_blank\" rel=\"noopener noreferrer\"><img loading=\"lazy\" decoding=\"async\" class=\"alignnone wp-image-7743\" src=\"https:\/\/tourfreestyleromand.ch\/wp-content\/uploads\/2020\/02\/CFR20_Logos_sponsors_17022020-14.png\" alt=\"\" width=\"167\" height=\"56\" srcset=\"https:\/\/tourfreestyleromand.ch\/wp-content\/uploads\/2020\/02\/CFR20_Logos_sponsors_17022020-14.png 625w, https:\/\/tourfreestyleromand.ch\/wp-content\/uploads\/2020\/02\/CFR20_Logos_sponsors_17022020-14-300x100.png 300w, https:\/\/tourfreestyleromand.ch\/wp-content\/uploads\/2020\/02\/CFR20_Logos_sponsors_17022020-14-100x33.png 100w, https:\/\/tourfreestyleromand.ch\/wp-content\/uploads\/2020\/02\/CFR20_Logos_sponsors_17022020-14-250x83.png 250w, https:\/\/tourfreestyleromand.ch\/wp-content\/uploads\/2020\/02\/CFR20_Logos_sponsors_17022020-14-550x183.png 550w, https:\/\/tourfreestyleromand.ch\/wp-content\/uploads\/2020\/02\/CFR20_Logos_sponsors_17022020-14-541x180.png 541w\" sizes=\"auto, (max-width: 167px) 100vw, 167px\" \/><\/a><\/p>\n","protected":false},"excerpt":{"rendered":"<p>Das TFR bietet zwei Westschweizer Meisterschaften in zwei Disziplinen an (Slopestyle un Big Air). 15. M\u00e4rz 2025 : Slopestyle in Grimentz (in Zusammenarbet mit der GiantXtour) 23. M\u00e4rz 2025 : Big Air in Leysin (organisiert durch das Komitee des TFR) Diese Wettk\u00e4mpfe sind f\u00fcr alle Niveaus geeignet und es werden die \u00fcblichen Kategorien angeboten (Elite, U15, U13, un U11). Unterst\u00fczt &#8230; <a href=\"https:\/\/tourfreestyleromand.ch\/de\/cfr\/\" class=\"more-link\">Read More<\/a><\/p>\n","protected":false},"author":33,"featured_media":0,"parent":0,"menu_order":0,"comment_status":"closed","ping_status":"closed","template":"","meta":{"_exactmetrics_skip_tracking":false,"_exactmetrics_sitenote_active":false,"_exactmetrics_sitenote_note":"","_exactmetrics_sitenote_category":0,"footnotes":""},"class_list":["post-2158","page","type-page","status-publish","hentry","no-post-thumbnail"],"_links":{"self":[{"href":"https:\/\/tourfreestyleromand.ch\/de\/wp-json\/wp\/v2\/pages\/2158","targetHints":{"allow":["GET"]}}],"collection":[{"href":"https:\/\/tourfreestyleromand.ch\/de\/wp-json\/wp\/v2\/pages"}],"about":[{"href":"https:\/\/tourfreestyleromand.ch\/de\/wp-json\/wp\/v2\/types\/page"}],"author":[{"embeddable":true,"href":"https:\/\/tourfreestyleromand.ch\/de\/wp-json\/wp\/v2\/users\/33"}],"replies":[{"embeddable":true,"href":"https:\/\/tourfreestyleromand.ch\/de\/wp-json\/wp\/v2\/comments?post=2158"}],"version-history":[{"count":37,"href":"https:\/\/tourfreestyleromand.ch\/de\/wp-json\/wp\/v2\/pages\/2158\/revisions"}],"predecessor-version":[{"id":15566,"href":"https:\/\/tourfreestyleromand.ch\/de\/wp-json\/wp\/v2\/pages\/2158\/revisions\/15566"}],"wp:attachment":[{"href":"https:\/\/tourfreestyleromand.ch\/de\/wp-json\/wp\/v2\/media?parent=2158"}],"curies":[{"name":"wp","href":"https:\/\/api.w.org\/{rel}","templated":true}]}}