{"id":1983,"date":"2016-10-24T09:31:36","date_gmt":"2016-10-24T09:31:36","guid":{"rendered":"https:\/\/tourfreestyleromand.ch\/de\/?page_id=1983"},"modified":"2025-01-30T14:55:14","modified_gmt":"2025-01-30T14:55:14","slug":"presse","status":"publish","type":"page","link":"https:\/\/tourfreestyleromand.ch\/de\/presse\/","title":{"rendered":"Medienspiegel"},"content":{"rendered":"<ul class=\"rich-text editor-rich-text__editable block-editor-rich-text__editable is-selected\" role=\"textbox\" contenteditable=\"true\" aria-multiline=\"true\" aria-label=\"R\u00e9digez une liste\u2026\">\n<li><a href=\"https:\/\/www.planete-sports.ch\/le-tour-freestyle-romand-debarque-aux-crosets\/\">Plan\u00e8te Spor<\/a><a href=\"https:\/\/www.planete-sports.ch\/le-tour-freestyle-romand-debarque-aux-crosets\/\" target=\"_blank\" rel=\"noreferrer noopener\">t<\/a> : Le TFR d\u00e9barque aux Crosets, 30.01.2025<\/li>\n<li><a href=\"https:\/\/www.lenouvelliste.ch\/articles\/lifestyle\/sortir\/ca-se-passe-pres-de-chez-vous-ce-week-end-908816\" data-rich-text-format-boundary=\"true\">Le Nouvelliste<\/a>: &#8222;\u00c7a se passe pr\u00e8s de chez vous&#8220;, 13.02.2020<\/li>\n<li><a href=\"https:\/\/www.boardriding.com\/Events\/tour-freestyle-romand-rostigraben-banked-slalom-gstaad-2020\" target=\"_blank\" rel=\"noreferrer noopener\" aria-label=\"Boardriding.com (s\u2019ouvre dans un nouvel onglet)\">Boardriding.com<\/a>: Rostigraben Banked Slalom, 02.2020<\/li>\n<li><a href=\"https:\/\/www.leregional.ch\/data\/dataimages\/upload\/editionpdf\/949.pdf\" target=\"_blank\" rel=\"noreferrer noopener\">Le R\u00e9gional<\/a>: remise des prix du TFR19, 16 au 22.05.2019, p. 22<\/li>\n<li><a href=\"https:\/\/www.rts.ch\/play\/tv\/adrenaline\/video\/adrenaline-magazine-de-sports-extremes-4?id=10266365\" target=\"_blank\" rel=\"noreferrer noopener\">Adr\u00e9naline (RTS)<\/a>: reportage sur le TFR 2019, 02.03.2019<\/li>\n<li><a href=\"https:\/\/www.leregional.ch\/data\/dataimages\/upload\/editionpdf\/936.pdf\" target=\"_blank\" rel=\"noreferrer noopener\">Le R\u00e9gional<\/a>: Championnat Freestyle Romand, 14 au 20.02.2019, p. 21<\/li>\n<li><a href=\"https:\/\/flashleman.ch\/une-etape-du-tour-freestyle-romand-en-plein-coeur-de-geneve\/\" target=\"_blank\" rel=\"noreferrer noopener\">Flash L\u00e9man<\/a>: &#8222;Une \u00e9tape du Tour Freestyle Romand en plein c\u0153ur de Gen\u00e8ve&#8220;, 11.02.2019<\/li>\n<li><a href=\"https:\/\/www.tdg.ch\/sports\/actu\/parc-bastions-transforme-station-freestyle\/story\/31115291\" target=\"_blank\" rel=\"noreferrer noopener\">Tribune de Gen\u00e8ve<\/a>: &#8222;Quand le parc des Bastions se transforme en station freestyle&#8220;, 31.01.2019<\/li>\n<li><a href=\"http:\/\/www.adrenaline.ch\/2018\/04\/03\/adrenaline-1805\/\" target=\"_blank\" rel=\"noreferrer noopener\">Adr\u00e9naline (RTS)<\/a>: reportage sur l&#8217;\u00e9tape finale 2018, 03.04.2018<\/li>\n<li><a href=\"http:\/\/www.leregional.ch\/N108805\/dakine-giant-x-tour.html\" target=\"_blank\" rel=\"noreferrer noopener\">Le R\u00e9gional<\/a>: annonce des finales 2018, 21.03.2018<\/li>\n<li><a href=\"https:\/\/www.lenouvelliste.ch\/articles\/lifestyle\/sortir\/pour-riding-las-vegas-le-jeu-se-mele-a-la-competition-au-superpark-743550\" target=\"_blank\" rel=\"noreferrer noopener\">Le Nouvelliste<\/a>: &#8222;Pour Riding Las Vegas, le jeu se m\u00eale \u00e0 la comp\u00e9tition au superpark&#8220;, 15.03.2018<\/li>\n<li><a href=\"http:\/\/www.lagruyere.ch\/2018\/03\/un-slopestyle-pr%C3%A9vu-dimanche-%C3%A0-mol%C3%A9son.html\" target=\"_blank\" rel=\"noreferrer noopener\">La Gruy\u00e8re<\/a>: &#8222;Un slopestyle pr\u00e9vu dimanche \u00e0 Mol\u00e9son&#8220;, 10.03.2018<\/li>\n<li><a href=\"http:\/\/www.adrenaline.ch\/2017\/04\/24\/adrenaline-1711\/\" target=\"_blank\" rel=\"noreferrer noopener\">Adr\u00e9naline (RTS)<\/a>: reportage sur l&#8217;\u00e9tape finale 2017, 24.04.2017<\/li>\n<li><a href=\"http:\/\/www.adrenaline.ch\/2016\/04\/11\/adrenaline-1612\/\" target=\"_blank\" rel=\"noreferrer noopener\">Adr\u00e9naline (RTS)<\/a>: reportage sur l&#8217;\u00e9tape finale 2016, 11.04.2016<\/li>\n<li><a href=\"http:\/\/www.lemanbleu.ch\/fr\/News\/Freestyle-a-Leysin.html\" target=\"_blank\" rel=\"noreferrer noopener\">L\u00e9man Bleu TV<\/a>: &#8222;Le freestyle \u00e0 l&#8217;honneur&#8220;, 25.01.2016<\/li>\n<li><a href=\"http:\/\/www.24heures.ch\/sports\/actu\/Les-freestylers-sont-des-athletes-comme-les-autres\/story\/11332972\" target=\"_blank\" rel=\"noreferrer noopener\">24 Heures<\/a>: &#8222;Les freestylers sont des athl\u00e8tes comme les autres&#8220;,\u00a006.02.2015<\/li>\n<li><a href=\"http:\/\/www.laliberte.ch\/news\/sports\/ski\/ca-bouge-chez-les-fribourgeois-265675#.VRqw9fmsVQc\" target=\"_blank\" rel=\"noreferrer noopener\">La Libert\u00e9<\/a>: &#8222;\u00c7a bouge chez les Fribourgeois&#8220;,\u00a003.12.2014<\/li>\n<li><a href=\"http:\/\/www.sevj.ch\/societe_electrique\/videoplayer.html?idShow=604\" target=\"_blank\" rel=\"noreferrer noopener\">T\u00e9l\u00e9vision R\u00e9gionale de la Vall\u00e9e de Joux<\/a>: &#8222;Jib Contest au Railpark&#8220;, 12.04.2012<\/li>\n<li><a href=\"http:\/\/lemessager.ch\/uploads\/archives\/2014\/Avril2014\/11avril\/ME-11-04%20%C3%A9dition%20compl%C3%A8te.pdf\" target=\"_blank\" rel=\"noreferrer noopener\">Le Messager<\/a>: &#8220;\u00a0Bilan tr\u00e8s honorable pour Python&#8220;,\u00a011.04.2014<\/li>\n<li><a href=\"http:\/\/www.canalalpha.ch\/actu\/le-big-air-des-bugnenets-est-fin-pret\/\" target=\"_blank\" rel=\"noreferrer noopener\">Canal Alpha<\/a>: &#8222;Le Big Air des Bugnenets est fin pr\u00eat!&#8220;, 22.02.2013<\/li>\n<li><a href=\"http:\/\/www.leregional.ch\/N34126\/trophees.html\" target=\"_blank\" rel=\"noreferrer noopener\">Le R\u00e9gional<\/a>: &#8222;Troph\u00e9es&#8220;, 08.04.2012<\/li>\n<li><a href=\"http:\/\/lemessager.ch\/Archives\/messager12\/02%20Fevrier%202012\/MESS%2010.02.12\/ME-10-02-03.pdf\" target=\"_blank\" rel=\"noreferrer noopener\">Le Messager<\/a>: &#8222;Cascades dans la nuit&#8220;, 10.02.2012<\/li>\n<li><a href=\"http:\/\/www.lexpress.ch\/fr\/photos\/big-air-aux-bugnenets-2272-507164?idPhoto=1\" target=\"_blank\" rel=\"noreferrer noopener\">L&#8217;Express<\/a>: &#8222;Big Air aux Bugnenets&#8220;, 09.01.2012<\/li>\n<li><a href=\"http:\/\/www.arcinfo.ch\/fr\/regions\/freestylers-en-demonstration-aux-bugnenets-dimanche-559-226500\" target=\"_blank\" rel=\"noreferrer noopener\">Canal Alpha<\/a>: &#8222;Freestylers en d\u00e9monstration aux Bugnenets dimanche&#8220;, 06.01.2012<\/li>\n<li><a href=\"http:\/\/www.rjb.ch\/rjb\/Sports\/Autres-sports\/20120104-Le-freestyle-s-invite-aux-Bugnenets.html\" target=\"_blank\" rel=\"noreferrer noopener\">RJB<\/a>: &#8222;Le freestyle s&#8217;invite aux Bugnenets&#8220;, 04.01.2012<\/li>\n<li><a href=\"http:\/\/www.switchmag.fr\/culture\/2012\/7311-interview-special-nicolas-cleusix-11-ans.html\" target=\"_blank\" rel=\"noreferrer noopener\">Switchmag.fr<\/a>: &#8222;La rel\u00e8ve est bien pr\u00e9sente &#8222;, 2012<\/li>\n<\/ul>\n\n\n<p><\/p>\n","protected":false},"excerpt":{"rendered":"<p>Plan\u00e8te Sport : Le TFR d\u00e9barque aux Crosets, 30.01.2025 Le Nouvelliste: &#8222;\u00c7a se passe pr\u00e8s de chez vous&#8220;, 13.02.2020 Boardriding.com: Rostigraben Banked Slalom, 02.2020 Le R\u00e9gional: remise des prix du TFR19, 16 au 22.05.2019, p. 22 Adr\u00e9naline (RTS): reportage sur le TFR 2019, 02.03.2019 Le R\u00e9gional: Championnat Freestyle Romand, 14 au 20.02.2019, p. 21 Flash L\u00e9man: &#8222;Une \u00e9tape du Tour &#8230; <a href=\"https:\/\/tourfreestyleromand.ch\/de\/presse\/\" class=\"more-link\">Read More<\/a><\/p>\n","protected":false},"author":33,"featured_media":0,"parent":0,"menu_order":0,"comment_status":"closed","ping_status":"closed","template":"","meta":{"_exactmetrics_skip_tracking":false,"_exactmetrics_sitenote_active":false,"_exactmetrics_sitenote_note":"","_exactmetrics_sitenote_category":0,"footnotes":""},"class_list":["post-1983","page","type-page","status-publish","hentry","no-post-thumbnail"],"_links":{"self":[{"href":"https:\/\/tourfreestyleromand.ch\/de\/wp-json\/wp\/v2\/pages\/1983","targetHints":{"allow":["GET"]}}],"collection":[{"href":"https:\/\/tourfreestyleromand.ch\/de\/wp-json\/wp\/v2\/pages"}],"about":[{"href":"https:\/\/tourfreestyleromand.ch\/de\/wp-json\/wp\/v2\/types\/page"}],"author":[{"embeddable":true,"href":"https:\/\/tourfreestyleromand.ch\/de\/wp-json\/wp\/v2\/users\/33"}],"replies":[{"embeddable":true,"href":"https:\/\/tourfreestyleromand.ch\/de\/wp-json\/wp\/v2\/comments?post=1983"}],"version-history":[{"count":9,"href":"https:\/\/tourfreestyleromand.ch\/de\/wp-json\/wp\/v2\/pages\/1983\/revisions"}],"predecessor-version":[{"id":15852,"href":"https:\/\/tourfreestyleromand.ch\/de\/wp-json\/wp\/v2\/pages\/1983\/revisions\/15852"}],"wp:attachment":[{"href":"https:\/\/tourfreestyleromand.ch\/de\/wp-json\/wp\/v2\/media?parent=1983"}],"curies":[{"name":"wp","href":"https:\/\/api.w.org\/{rel}","templated":true}]}}