{"id":1964,"date":"2016-10-24T07:57:36","date_gmt":"2016-10-24T07:57:36","guid":{"rendered":"https:\/\/tourfreestyleromand.ch\/de\/?page_id=1964"},"modified":"2025-11-20T16:55:39","modified_gmt":"2025-11-20T16:55:39","slug":"die-tour","status":"publish","type":"page","link":"https:\/\/tourfreestyleromand.ch\/de\/die-tour\/","title":{"rendered":"Die Tour"},"content":{"rendered":"<p>Die Tour Freestyle Romand bringt jeden Winter zwischen 15 und 20 Freeski- und Freestyle-Snowboard-Events in der ganzen Romandie zusammen.<\/p>\n<p>Seit der Saison 2016\/17 ist die ehemalige Wallisertour mit\u00a0der TFR fusioniert\u00a0worden! Zusammen sollen beide Tours ein besseres Angebot bieten k\u00f6nnen.<\/p>\n<p>Die Tour soll in erster Linie Jungs und M\u00e4dchen erm\u00f6glichen sich mit\u00a0anderen messen zu k\u00f6nnen und eine tolle Zeit im Schnee zu verbringen.\u00a0 Es gibt an den meisten Events Kategorien f\u00fcr folgende Altersgruppen: unter 13, unter 15 und \u00fcber 15.<\/p>\n<p>Ob du ein <strong>Jib<\/strong> Meister bist, lieber den <strong>Big Air<\/strong> rockst oder eher <strong>Pipe<\/strong> oder <strong>Slopestyle<\/strong> f\u00e4hrst spielt, keine Rolle. An der TFR gibt es f\u00fcr jeden etwas. Es gibt Schanzen von verschiedenen Gr\u00f6ssen und Events von verschiedenen Bedeutungen, damit jeder seinen Spass findet.<\/p>\n<p>Die TFR dient auch als Nachwuchsplattform um junge Talentierte Riders zu entdecken. Diese\u00a0k\u00f6nnen dann anschliessend von den\u00a0Regionalen Freestyleverb\u00e4nde aufgenommen werden\u00a0(Style Valais und Ski-Romand). Diese beiden Teams bringen die besten Ski- und Snowboardfahrer im Alter von 10 bis 18 Jahren zusammen. Sie erm\u00f6glichen ihnen an Trainings teilzunehmen und mit soliden Grundlagen an Nationale Wettk\u00e4mpfe (Swiss Freeski Open, Audi Snowboard Series, Schweizermeisterschaften) teilzunehmen und dort hoffentlich zu brillieren.<\/p>\n<p>Kurz gesagt wird jungen Fahrern die Chance gegeben Fortschritte im Freestyle Sport zu machen, damit sie im Swissski- und im Swiss-Snowboard Kader integriert werden k\u00f6nnen.<\/p>\n<p>\u00a0<\/p>\n[\/three_fourth]\n<div class='content-column one_fourth'><div style=\"padding-left:20px;\"><img loading=\"lazy\" decoding=\"async\" class=\"wp-image-1855 size-medium aligncenter\" src=\"https:\/\/tourfreestyleromand.ch\/wp-content\/uploads\/2016\/10\/TFR17_Logo_NB_S-300x272.jpg\" alt=\"tfr17_logo_nb_s\" width=\"300\" height=\"272\" srcset=\"https:\/\/tourfreestyleromand.ch\/wp-content\/uploads\/2016\/10\/TFR17_Logo_NB_S-300x272.jpg 300w, https:\/\/tourfreestyleromand.ch\/wp-content\/uploads\/2016\/10\/TFR17_Logo_NB_S.jpg 500w\" sizes=\"auto, (max-width: 300px) 100vw, 300px\" \/><\/div><\/div>\n<div class='content-column full_width'><div style=\"padding-left:0px;\"><hr \/>\n<p><a href=\"https:\/\/tourfreestyleromand.ch\/wp-content\/uploads\/2025\/11\/TFR25-26_affiche.png\"><img loading=\"lazy\" decoding=\"async\" class=\"alignnone size-large wp-image-16929\" src=\"https:\/\/tourfreestyleromand.ch\/wp-content\/uploads\/2025\/11\/TFR25-26_affiche-734x1024.png\" alt=\"\" width=\"734\" height=\"1024\" srcset=\"https:\/\/tourfreestyleromand.ch\/wp-content\/uploads\/2025\/11\/TFR25-26_affiche-734x1024.png 734w, https:\/\/tourfreestyleromand.ch\/wp-content\/uploads\/2025\/11\/TFR25-26_affiche-215x300.png 215w, https:\/\/tourfreestyleromand.ch\/wp-content\/uploads\/2025\/11\/TFR25-26_affiche-768x1071.png 768w, https:\/\/tourfreestyleromand.ch\/wp-content\/uploads\/2025\/11\/TFR25-26_affiche-1101x1536.png 1101w, https:\/\/tourfreestyleromand.ch\/wp-content\/uploads\/2025\/11\/TFR25-26_affiche-250x349.png 250w, https:\/\/tourfreestyleromand.ch\/wp-content\/uploads\/2025\/11\/TFR25-26_affiche-550x767.png 550w, https:\/\/tourfreestyleromand.ch\/wp-content\/uploads\/2025\/11\/TFR25-26_affiche-800x1116.png 800w, https:\/\/tourfreestyleromand.ch\/wp-content\/uploads\/2025\/11\/TFR25-26_affiche-129x180.png 129w, https:\/\/tourfreestyleromand.ch\/wp-content\/uploads\/2025\/11\/TFR25-26_affiche-359x500.png 359w, https:\/\/tourfreestyleromand.ch\/wp-content\/uploads\/2025\/11\/TFR25-26_affiche-100x139.png 100w, https:\/\/tourfreestyleromand.ch\/wp-content\/uploads\/2025\/11\/TFR25-26_affiche-1284x1791.png 1284w, https:\/\/tourfreestyleromand.ch\/wp-content\/uploads\/2025\/11\/TFR25-26_affiche.png 1434w\" sizes=\"auto, (max-width: 734px) 100vw, 734px\" \/><\/a><\/p><\/div><\/div>\n","protected":false},"excerpt":{"rendered":"<p>Die Tour Freestyle Romand bringt jeden Winter zwischen 15 und 20 Freeski- und Freestyle-Snowboard-Events in der ganzen Romandie zusammen. Seit der Saison 2016\/17 ist die ehemalige Wallisertour mit\u00a0der TFR fusioniert\u00a0worden! Zusammen sollen beide Tours ein besseres Angebot bieten k\u00f6nnen. Die Tour soll in erster Linie Jungs und M\u00e4dchen erm\u00f6glichen sich mit\u00a0anderen messen zu k\u00f6nnen und eine tolle Zeit im Schnee &#8230; <a href=\"https:\/\/tourfreestyleromand.ch\/de\/die-tour\/\" class=\"more-link\">Read More<\/a><\/p>\n","protected":false},"author":33,"featured_media":0,"parent":0,"menu_order":0,"comment_status":"closed","ping_status":"closed","template":"","meta":{"_exactmetrics_skip_tracking":false,"_exactmetrics_sitenote_active":false,"_exactmetrics_sitenote_note":"","_exactmetrics_sitenote_category":0,"footnotes":""},"class_list":["post-1964","page","type-page","status-publish","hentry","no-post-thumbnail"],"_links":{"self":[{"href":"https:\/\/tourfreestyleromand.ch\/de\/wp-json\/wp\/v2\/pages\/1964","targetHints":{"allow":["GET"]}}],"collection":[{"href":"https:\/\/tourfreestyleromand.ch\/de\/wp-json\/wp\/v2\/pages"}],"about":[{"href":"https:\/\/tourfreestyleromand.ch\/de\/wp-json\/wp\/v2\/types\/page"}],"author":[{"embeddable":true,"href":"https:\/\/tourfreestyleromand.ch\/de\/wp-json\/wp\/v2\/users\/33"}],"replies":[{"embeddable":true,"href":"https:\/\/tourfreestyleromand.ch\/de\/wp-json\/wp\/v2\/comments?post=1964"}],"version-history":[{"count":24,"href":"https:\/\/tourfreestyleromand.ch\/de\/wp-json\/wp\/v2\/pages\/1964\/revisions"}],"predecessor-version":[{"id":16934,"href":"https:\/\/tourfreestyleromand.ch\/de\/wp-json\/wp\/v2\/pages\/1964\/revisions\/16934"}],"wp:attachment":[{"href":"https:\/\/tourfreestyleromand.ch\/de\/wp-json\/wp\/v2\/media?parent=1964"}],"curies":[{"name":"wp","href":"https:\/\/api.w.org\/{rel}","templated":true}]}}